{"id":8902,"date":"2021-04-12T10:24:32","date_gmt":"2021-04-12T08:24:32","guid":{"rendered":"https:\/\/chahan.com\/artistes\/"},"modified":"2024-10-28T12:52:01","modified_gmt":"2024-10-28T11:52:01","slug":"artists","status":"publish","type":"page","link":"https:\/\/chahan.com\/en\/artists\/","title":{"rendered":"Artists"},"content":{"rendered":"<div class=\"wpb-content-wrapper\"><p>[vc_row][vc_column width=&#8221;2\/3&#8243;][vc_column_text]<\/p>\n<h2>Peter Lane<\/h2>\n<p>[\/vc_column_text][vc_column_text]Peter Lane is a New York based artist fascinated by Japan. Over many years, he has been working on how to personalise traditional japanese ceramic techniques. Using his own mix of sands, he creates a specific texture of clay in order to reflect the naturalistic genre of his work. &#8230;[\/vc_column_text][vc_raw_html]JTNDaDIlMjBzdHlsZSUzRCUyMnRleHQtYWxpZ24lM0ElMjBjZW50ZXIlM0IlMjBtYXJnaW4tdG9wJTNBJTIwLTIwcHglM0IlMjBmb250LXNpemUlM0ElMjA0ZW0lM0IlMjIlM0UlM0NhJTIwc3R5bGUlM0QlMjJjb2xvciUzQSUyMCUyMzY2NjY2NiUzQiUyMHRleHQtZGVjb3JhdGlvbiUzQSUyMG5vbmUlMjFpbXBvcnRhbnQlM0IlMjIlMjBocmVmJTNEJTIyJTJGZW4lMkZwZXRlci1sYW5lJTJGJTIyJTNFJTJCJTNDJTJGYSUzRSUzQyUyRmgyJTNF[\/vc_raw_html][\/vc_column][vc_column width=&#8221;1\/3&#8243;][vc_single_image image=&#8221;5263&#8243; img_size=&#8221;full&#8221; alignment=&#8221;center&#8221; onclick=&#8221;custom_link&#8221; link=&#8221;\/en\/peter-lane\/&#8221;][\/vc_column][\/vc_row][vc_row][vc_column width=&#8221;2\/3&#8243;][vc_column_text]<\/p>\n<h2>Shizue Imai<\/h2>\n<p>[\/vc_column_text][vc_column_text]Shizue Imai is a sculptor working in NYC. Originally from Japan, she moved to the United States in 1989 to pursue her passionate dream of living in the world of art. &#8230;[\/vc_column_text][vc_raw_html]JTNDaDIlMjBzdHlsZSUzRCUyMnRleHQtYWxpZ24lM0ElMjBjZW50ZXIlM0IlMjBtYXJnaW4tdG9wJTNBJTIwLTIwcHglM0IlMjBmb250LXNpemUlM0ElMjA0ZW0lM0IlMjIlM0UlM0NhJTIwc3R5bGUlM0QlMjJjb2xvciUzQSUyMCUyMzY2NjY2NiUzQiUyMHRleHQtZGVjb3JhdGlvbiUzQSUyMG5vbmUlMjFpbXBvcnRhbnQlM0IlMjIlMjBocmVmJTNEJTIyJTJGZW4lMkZzaGl6dWUtaW1haSUyRiUyMiUzRSUyQiUzQyUyRmElM0UlM0MlMkZoMiUzRQ==[\/vc_raw_html][\/vc_column][vc_column width=&#8221;1\/3&#8243;][vc_single_image image=&#8221;5268&#8243; img_size=&#8221;full&#8221; alignment=&#8221;center&#8221; onclick=&#8221;custom_link&#8221; link=&#8221;\/en\/shizue-imai\/&#8221;][\/vc_column][\/vc_row][vc_row][vc_column width=&#8221;2\/3&#8243;][vc_column_text]<\/p>\n<h2>Antoinette Faragallah<\/h2>\n<p>[\/vc_column_text][vc_column_text]In the line of American artists that Chahan continues to discover and represent, Antoinette Faragallah is a new Californian ceramist with whom Chahan collaborates. &#8230;[\/vc_column_text][vc_raw_html]JTNDaDIlMjBzdHlsZSUzRCUyMnRleHQtYWxpZ24lM0ElMjBjZW50ZXIlM0IlMjBtYXJnaW4tdG9wJTNBJTIwLTIwcHglM0IlMjBmb250LXNpemUlM0ElMjA0ZW0lM0IlMjIlM0UlM0NhJTIwc3R5bGUlM0QlMjJjb2xvciUzQSUyMCUyMzY2NjY2NiUzQiUyMHRleHQtZGVjb3JhdGlvbiUzQSUyMG5vbmUlMjFpbXBvcnRhbnQlM0IlMjIlMjBocmVmJTNEJTIyJTJGZW4lMkZhbnRvaW5ldHRlLWZhcmFnYWxsYWglMkYlMjIlM0UlMkIlM0MlMkZhJTNFJTNDJTJGaDIlM0U=[\/vc_raw_html][\/vc_column][vc_column width=&#8221;1\/3&#8243;][vc_single_image image=&#8221;5271&#8243; img_size=&#8221;full&#8221; alignment=&#8221;center&#8221; onclick=&#8221;custom_link&#8221; link=&#8221;\/en\/antoinette-faragallah\/&#8221;][\/vc_column][\/vc_row][vc_row][vc_column width=&#8221;2\/3&#8243;][vc_column_text]<\/p>\n<h2>Christopher Maschinot<\/h2>\n<p>[\/vc_column_text][vc_column_text]Christopher Maschinot is a new york based ceramic artist. His interest in clay began at a young age during visits to his uncle\u2019s pottery studio and continued through college where he received his BFA in ceramics at the University of Georgia in 2008. &#8230;[\/vc_column_text][vc_raw_html]JTNDaDIlMjBzdHlsZSUzRCUyMnRleHQtYWxpZ24lM0ElMjBjZW50ZXIlM0IlMjBtYXJnaW4tdG9wJTNBJTIwLTIwcHglM0IlMjBmb250LXNpemUlM0ElMjA0ZW0lM0IlMjIlM0UlM0NhJTIwc3R5bGUlM0QlMjJjb2xvciUzQSUyMCUyMzY2NjY2NiUzQiUyMHRleHQtZGVjb3JhdGlvbiUzQSUyMG5vbmUlMjFpbXBvcnRhbnQlM0IlMjIlMjBocmVmJTNEJTIyJTJGZW4lMkZjaHJpc3RvcGhlci1tYXNjaGlub3QlMkYlMjIlM0UlMkIlM0MlMkZhJTNFJTNDJTJGaDIlM0U=[\/vc_raw_html][\/vc_column][vc_column width=&#8221;1\/3&#8243;][vc_single_image image=&#8221;5276&#8243; img_size=&#8221;full&#8221; alignment=&#8221;center&#8221; onclick=&#8221;custom_link&#8221; link=&#8221;\/en\/christopher-maschinot\/&#8221;][\/vc_column][\/vc_row][vc_row][vc_column width=&#8221;2\/3&#8243;][vc_column_text]<\/p>\n<h2>Marie Khouri<\/h2>\n<p>[\/vc_column_text][vc_column_text]A Vancouver-based sculptor, represents the broad, multi cultural and diverse demographic of western canada. Born in Egypt and raised in Lebanon, Khouri has developed a vast range of cultural and historical influences within her practice. &#8230;[\/vc_column_text][vc_raw_html]JTNDaDIlMjBzdHlsZSUzRCUyMnRleHQtYWxpZ24lM0ElMjBjZW50ZXIlM0IlMjBtYXJnaW4tdG9wJTNBJTIwLTIwcHglM0IlMjBmb250LXNpemUlM0ElMjA0ZW0lM0IlMjIlM0UlM0NhJTIwc3R5bGUlM0QlMjJjb2xvciUzQSUyMCUyMzY2NjY2NiUzQiUyMHRleHQtZGVjb3JhdGlvbiUzQSUyMG5vbmUlMjFpbXBvcnRhbnQlM0IlMjIlMjBocmVmJTNEJTIyJTJGZW4lMkZtYXJpZS1raG91cmklMkYlMjIlM0UlMkIlM0MlMkZhJTNFJTNDJTJGaDIlM0U=[\/vc_raw_html][\/vc_column][vc_column width=&#8221;1\/3&#8243;][vc_single_image image=&#8221;6996&#8243; img_size=&#8221;full&#8221; alignment=&#8221;center&#8221; onclick=&#8221;custom_link&#8221; link=&#8221;\/en\/marie-khouri\/&#8221;][\/vc_column][\/vc_row][vc_row][vc_column width=&#8221;2\/3&#8243;][vc_column_text]<\/p>\n<h2>Amir Smolnik<\/h2>\n<p>[\/vc_column_text][vc_column_text]Designer and ceramicist, Amir Smolnik was born in 1975 in Ha\u00effa, Isra\u00ebl. He moved to paris in 1997 to study at the \u00c9cole Superieure des Arts et Techniques de la Mode (ESMOD) and graduated in 2000 with a menswear design degree. &#8230;[\/vc_column_text][vc_raw_html]JTNDaDIlMjBzdHlsZSUzRCUyMnRleHQtYWxpZ24lM0ElMjBjZW50ZXIlM0IlMjBtYXJnaW4tdG9wJTNBJTIwLTIwcHglM0IlMjBmb250LXNpemUlM0ElMjA0ZW0lM0IlMjIlM0UlM0NhJTIwc3R5bGUlM0QlMjJjb2xvciUzQSUyMCUyMzY2NjY2NiUzQiUyMHRleHQtZGVjb3JhdGlvbiUzQSUyMG5vbmUlMjFpbXBvcnRhbnQlM0IlMjIlMjBocmVmJTNEJTIyJTJGZW4lMkZhbWlyLXNtb2xuaWslMkYlMjIlM0UlMkIlM0MlMkZhJTNFJTNDJTJGaDIlM0U=[\/vc_raw_html][\/vc_column][vc_column width=&#8221;1\/3&#8243;][vc_single_image image=&#8221;5433&#8243; img_size=&#8221;full&#8221; alignment=&#8221;center&#8221; onclick=&#8221;custom_link&#8221; link=&#8221;\/en\/amir-smolnik\/&#8221;][\/vc_column][\/vc_row][vc_row][vc_column width=&#8221;2\/3&#8243;][vc_column_text css=&#8221;&#8221;]<\/p>\n<h2>Emilio Martinez<\/h2>\n<p>[\/vc_column_text][vc_column_text css=&#8221;&#8221;]American artist Emilio Martinez was born in Tegucigalpa, Honduras, in 1981 and immigrated with his family to Miami, USA, in 1994, where he has resided ever since. &#8230;[\/vc_column_text][vc_raw_html css=&#8221;&#8221;]JTNDaDIlMjBzdHlsZSUzRCUyMnRleHQtYWxpZ24lM0ElMjBjZW50ZXIlM0IlMjBtYXJnaW4tdG9wJTNBJTIwLTIwcHglM0IlMjBmb250LXNpemUlM0ElMjA0ZW0lM0IlMjIlM0UlM0NhJTIwc3R5bGUlM0QlMjJjb2xvciUzQSUyMCUyMzY2NjY2NiUzQiUyMHRleHQtZGVjb3JhdGlvbiUzQSUyMG5vbmUlMjFpbXBvcnRhbnQlM0IlMjIlMjBocmVmJTNEJTIyJTJGZW4lMkZlbWlsaW8tbWFydGluZXolMkYlMjIlM0UlMkIlM0MlMkZhJTNFJTNDJTJGaDIlM0U=[\/vc_raw_html][\/vc_column][vc_column width=&#8221;1\/3&#8243;][vc_single_image image=&#8221;11159&#8243; img_size=&#8221;full&#8221; alignment=&#8221;center&#8221; onclick=&#8221;custom_link&#8221; css=&#8221;&#8221; link=&#8221;\/en\/amir-smolnik\/&#8221;][\/vc_column][\/vc_row][vc_row][vc_column][vc_empty_space height=&#8221;60px&#8221;][\/vc_column][\/vc_row]<\/p>\n<\/div>","protected":false},"excerpt":{"rendered":"<p>[vc_row][vc_column width=&#8221;2\/3&#8243;][vc_column_text] Peter Lane [\/vc_column_text][vc_column_text]Peter Lane is a New York based artist fascinated by Japan. Over many years, he has been working on how to personalise traditional japanese ceramic techniques. Using his own mix of sands, he creates a specific texture of clay in order to reflect the naturalistic genre of his work. &#8230;[\/vc_column_text][vc_raw_html]JTNDaDIlMjBzdHlsZSUzRCUyMnRleHQtYWxpZ24lM0ElMjBjZW50ZXIlM0IlMjBtYXJnaW4tdG9wJTNBJTIwLTIwcHglM0IlMjBmb250LXNpemUlM0ElMjA0ZW0lM0IlMjIlM0UlM0NhJTIwc3R5bGUlM0QlMjJjb2xvciUzQSUyMCUyMzY2NjY2NiUzQiUyMHRleHQtZGVjb3JhdGlvbiUzQSUyMG5vbmUlMjFpbXBvcnRhbnQlM0IlMjIlMjBocmVmJTNEJTIyJTJGZW4lMkZwZXRlci1sYW5lJTJGJTIyJTNFJTJCJTNDJTJGYSUzRSUzQyUyRmgyJTNF[\/vc_raw_html][\/vc_column][vc_column width=&#8221;1\/3&#8243;][vc_single_image&hellip;&nbsp;<a href=\"https:\/\/chahan.com\/en\/artists\/\" rel=\"bookmark\">Read More &raquo;<span class=\"screen-reader-text\">Artists<\/span><\/a><\/p>\n","protected":false},"author":1,"featured_media":0,"parent":0,"menu_order":0,"comment_status":"closed","ping_status":"closed","template":"","meta":{"_acf_changed":false,"neve_meta_sidebar":"full-width","neve_meta_container":"contained","neve_meta_enable_content_width":"on","neve_meta_content_width":100,"neve_meta_title_alignment":"","neve_meta_author_avatar":"","neve_post_elements_order":"","neve_meta_disable_header":"","neve_meta_disable_footer":"","neve_meta_disable_title":"","neve_meta_reading_time":"","footnotes":""},"class_list":["post-8902","page","type-page","status-publish","hentry"],"acf":[],"yoast_head":"<!-- This site is optimized with the Yoast SEO plugin v27.3 - https:\/\/yoast.com\/product\/yoast-seo-wordpress\/ -->\n<title>Artists - CHAHAN<\/title>\n<meta name=\"robots\" content=\"index, follow, max-snippet:-1, max-image-preview:large, max-video-preview:-1\" \/>\n<link rel=\"canonical\" href=\"https:\/\/chahan.com\/en\/artists\/\" \/>\n<meta property=\"og:locale\" content=\"en_US\" \/>\n<meta property=\"og:type\" content=\"article\" \/>\n<meta property=\"og:title\" content=\"Artists - CHAHAN\" \/>\n<meta property=\"og:description\" content=\"[vc_row][vc_column width=&#8221;2\/3&#8243;][vc_column_text] Peter Lane [\/vc_column_text][vc_column_text]Peter Lane is a New York based artist fascinated by Japan. Over many years, he has been working on how to personalise traditional japanese ceramic techniques. Using his own mix of sands, he creates a specific texture of clay in order to reflect the naturalistic genre of his work. &#8230;[\/vc_column_text][vc_raw_html]JTNDaDIlMjBzdHlsZSUzRCUyMnRleHQtYWxpZ24lM0ElMjBjZW50ZXIlM0IlMjBtYXJnaW4tdG9wJTNBJTIwLTIwcHglM0IlMjBmb250LXNpemUlM0ElMjA0ZW0lM0IlMjIlM0UlM0NhJTIwc3R5bGUlM0QlMjJjb2xvciUzQSUyMCUyMzY2NjY2NiUzQiUyMHRleHQtZGVjb3JhdGlvbiUzQSUyMG5vbmUlMjFpbXBvcnRhbnQlM0IlMjIlMjBocmVmJTNEJTIyJTJGZW4lMkZwZXRlci1sYW5lJTJGJTIyJTNFJTJCJTNDJTJGYSUzRSUzQyUyRmgyJTNF[\/vc_raw_html][\/vc_column][vc_column width=&#8221;1\/3&#8243;][vc_single_image&hellip;&nbsp;Read More &raquo;Artists\" \/>\n<meta property=\"og:url\" content=\"https:\/\/chahan.com\/en\/artists\/\" \/>\n<meta property=\"og:site_name\" content=\"CHAHAN\" \/>\n<meta property=\"article:modified_time\" content=\"2024-10-28T11:52:01+00:00\" \/>\n<meta name=\"twitter:card\" content=\"summary_large_image\" \/>\n<meta name=\"twitter:site\" content=\"@chahan_gallery\" \/>\n<meta name=\"twitter:label1\" content=\"Est. reading time\" \/>\n\t<meta name=\"twitter:data1\" content=\"4 minutes\" \/>\n<script type=\"application\/ld+json\" class=\"yoast-schema-graph\">{\"@context\":\"https:\\\/\\\/schema.org\",\"@graph\":[{\"@type\":\"WebPage\",\"@id\":\"https:\\\/\\\/chahan.com\\\/en\\\/artists\\\/\",\"url\":\"https:\\\/\\\/chahan.com\\\/en\\\/artists\\\/\",\"name\":\"Artists - CHAHAN\",\"isPartOf\":{\"@id\":\"https:\\\/\\\/chahan.com\\\/en\\\/#website\"},\"datePublished\":\"2021-04-12T08:24:32+00:00\",\"dateModified\":\"2024-10-28T11:52:01+00:00\",\"breadcrumb\":{\"@id\":\"https:\\\/\\\/chahan.com\\\/en\\\/artists\\\/#breadcrumb\"},\"inLanguage\":\"en-US\",\"potentialAction\":[{\"@type\":\"ReadAction\",\"target\":[\"https:\\\/\\\/chahan.com\\\/en\\\/artists\\\/\"]}]},{\"@type\":\"BreadcrumbList\",\"@id\":\"https:\\\/\\\/chahan.com\\\/en\\\/artists\\\/#breadcrumb\",\"itemListElement\":[{\"@type\":\"ListItem\",\"position\":1,\"name\":\"Chahan\",\"item\":\"https:\\\/\\\/chahan.com\\\/en\\\/\"},{\"@type\":\"ListItem\",\"position\":2,\"name\":\"Artists\"}]},{\"@type\":\"WebSite\",\"@id\":\"https:\\\/\\\/chahan.com\\\/en\\\/#website\",\"url\":\"https:\\\/\\\/chahan.com\\\/en\\\/\",\"name\":\"CHAHAN\",\"description\":\"Interior Design\",\"publisher\":{\"@id\":\"https:\\\/\\\/chahan.com\\\/en\\\/#organization\"},\"potentialAction\":[{\"@type\":\"SearchAction\",\"target\":{\"@type\":\"EntryPoint\",\"urlTemplate\":\"https:\\\/\\\/chahan.com\\\/en\\\/?s={search_term_string}\"},\"query-input\":{\"@type\":\"PropertyValueSpecification\",\"valueRequired\":true,\"valueName\":\"search_term_string\"}}],\"inLanguage\":\"en-US\"},{\"@type\":\"Organization\",\"@id\":\"https:\\\/\\\/chahan.com\\\/en\\\/#organization\",\"name\":\"CHAHAN Interior Design\",\"url\":\"https:\\\/\\\/chahan.com\\\/en\\\/\",\"logo\":{\"@type\":\"ImageObject\",\"inLanguage\":\"en-US\",\"@id\":\"https:\\\/\\\/chahan.com\\\/en\\\/#\\\/schema\\\/logo\\\/image\\\/\",\"url\":\"https:\\\/\\\/chahan.com\\\/wp-content\\\/uploads\\\/2020\\\/11\\\/logo-chahan-vertical4x-1.png\",\"contentUrl\":\"https:\\\/\\\/chahan.com\\\/wp-content\\\/uploads\\\/2020\\\/11\\\/logo-chahan-vertical4x-1.png\",\"width\":600,\"height\":170,\"caption\":\"CHAHAN Interior Design\"},\"image\":{\"@id\":\"https:\\\/\\\/chahan.com\\\/en\\\/#\\\/schema\\\/logo\\\/image\\\/\"},\"sameAs\":[\"https:\\\/\\\/x.com\\\/chahan_gallery\",\"https:\\\/\\\/www.instagram.com\\\/chahangallery\\\/?hl=fr\"]}]}<\/script>\n<!-- \/ Yoast SEO plugin. -->","yoast_head_json":{"title":"Artists - CHAHAN","robots":{"index":"index","follow":"follow","max-snippet":"max-snippet:-1","max-image-preview":"max-image-preview:large","max-video-preview":"max-video-preview:-1"},"canonical":"https:\/\/chahan.com\/en\/artists\/","og_locale":"en_US","og_type":"article","og_title":"Artists - CHAHAN","og_description":"[vc_row][vc_column width=&#8221;2\/3&#8243;][vc_column_text] Peter Lane [\/vc_column_text][vc_column_text]Peter Lane is a New York based artist fascinated by Japan. Over many years, he has been working on how to personalise traditional japanese ceramic techniques. Using his own mix of sands, he creates a specific texture of clay in order to reflect the naturalistic genre of his work. &#8230;[\/vc_column_text][vc_raw_html]JTNDaDIlMjBzdHlsZSUzRCUyMnRleHQtYWxpZ24lM0ElMjBjZW50ZXIlM0IlMjBtYXJnaW4tdG9wJTNBJTIwLTIwcHglM0IlMjBmb250LXNpemUlM0ElMjA0ZW0lM0IlMjIlM0UlM0NhJTIwc3R5bGUlM0QlMjJjb2xvciUzQSUyMCUyMzY2NjY2NiUzQiUyMHRleHQtZGVjb3JhdGlvbiUzQSUyMG5vbmUlMjFpbXBvcnRhbnQlM0IlMjIlMjBocmVmJTNEJTIyJTJGZW4lMkZwZXRlci1sYW5lJTJGJTIyJTNFJTJCJTNDJTJGYSUzRSUzQyUyRmgyJTNF[\/vc_raw_html][\/vc_column][vc_column width=&#8221;1\/3&#8243;][vc_single_image&hellip;&nbsp;Read More &raquo;Artists","og_url":"https:\/\/chahan.com\/en\/artists\/","og_site_name":"CHAHAN","article_modified_time":"2024-10-28T11:52:01+00:00","twitter_card":"summary_large_image","twitter_site":"@chahan_gallery","twitter_misc":{"Est. reading time":"4 minutes"},"schema":{"@context":"https:\/\/schema.org","@graph":[{"@type":"WebPage","@id":"https:\/\/chahan.com\/en\/artists\/","url":"https:\/\/chahan.com\/en\/artists\/","name":"Artists - CHAHAN","isPartOf":{"@id":"https:\/\/chahan.com\/en\/#website"},"datePublished":"2021-04-12T08:24:32+00:00","dateModified":"2024-10-28T11:52:01+00:00","breadcrumb":{"@id":"https:\/\/chahan.com\/en\/artists\/#breadcrumb"},"inLanguage":"en-US","potentialAction":[{"@type":"ReadAction","target":["https:\/\/chahan.com\/en\/artists\/"]}]},{"@type":"BreadcrumbList","@id":"https:\/\/chahan.com\/en\/artists\/#breadcrumb","itemListElement":[{"@type":"ListItem","position":1,"name":"Chahan","item":"https:\/\/chahan.com\/en\/"},{"@type":"ListItem","position":2,"name":"Artists"}]},{"@type":"WebSite","@id":"https:\/\/chahan.com\/en\/#website","url":"https:\/\/chahan.com\/en\/","name":"CHAHAN","description":"Interior Design","publisher":{"@id":"https:\/\/chahan.com\/en\/#organization"},"potentialAction":[{"@type":"SearchAction","target":{"@type":"EntryPoint","urlTemplate":"https:\/\/chahan.com\/en\/?s={search_term_string}"},"query-input":{"@type":"PropertyValueSpecification","valueRequired":true,"valueName":"search_term_string"}}],"inLanguage":"en-US"},{"@type":"Organization","@id":"https:\/\/chahan.com\/en\/#organization","name":"CHAHAN Interior Design","url":"https:\/\/chahan.com\/en\/","logo":{"@type":"ImageObject","inLanguage":"en-US","@id":"https:\/\/chahan.com\/en\/#\/schema\/logo\/image\/","url":"https:\/\/chahan.com\/wp-content\/uploads\/2020\/11\/logo-chahan-vertical4x-1.png","contentUrl":"https:\/\/chahan.com\/wp-content\/uploads\/2020\/11\/logo-chahan-vertical4x-1.png","width":600,"height":170,"caption":"CHAHAN Interior Design"},"image":{"@id":"https:\/\/chahan.com\/en\/#\/schema\/logo\/image\/"},"sameAs":["https:\/\/x.com\/chahan_gallery","https:\/\/www.instagram.com\/chahangallery\/?hl=fr"]}]}},"_links":{"self":[{"href":"https:\/\/chahan.com\/en\/wp-json\/wp\/v2\/pages\/8902","targetHints":{"allow":["GET"]}}],"collection":[{"href":"https:\/\/chahan.com\/en\/wp-json\/wp\/v2\/pages"}],"about":[{"href":"https:\/\/chahan.com\/en\/wp-json\/wp\/v2\/types\/page"}],"author":[{"embeddable":true,"href":"https:\/\/chahan.com\/en\/wp-json\/wp\/v2\/users\/1"}],"replies":[{"embeddable":true,"href":"https:\/\/chahan.com\/en\/wp-json\/wp\/v2\/comments?post=8902"}],"version-history":[{"count":0,"href":"https:\/\/chahan.com\/en\/wp-json\/wp\/v2\/pages\/8902\/revisions"}],"wp:attachment":[{"href":"https:\/\/chahan.com\/en\/wp-json\/wp\/v2\/media?parent=8902"}],"curies":[{"name":"wp","href":"https:\/\/api.w.org\/{rel}","templated":true}]}}