{"id":4786,"date":"2020-09-29T11:33:35","date_gmt":"2020-09-29T09:33:35","guid":{"rendered":"https:\/\/chahan.com\/?page_id=4786"},"modified":"2023-04-23T12:51:01","modified_gmt":"2023-04-23T10:51:01","slug":"amir-smolnik","status":"publish","type":"page","link":"https:\/\/chahan.com\/en\/amir-smolnik\/","title":{"rendered":"Amir Smolnik"},"content":{"rendered":"<div class=\"wpb-content-wrapper\"><p>[vc_row][vc_column width=&#8221;2\/3&#8243;][vc_empty_space][vc_column_text]Designer and ceramicist, Amir Smolnik was born in 1975 in Ha\u00effa, Isra\u00ebl.<\/p>\n<p>He moved to paris in 1997 to study at the \u00c9cole Superieure des Arts et Techniques de la Mode (ESMOD) and graduated in 2000 with a menswear design degree.<\/p>\n<p>Following graduation Amir worked as a ready-to-wear designer for several leading fashion houses, then as a design studio director for a leather-goods brand.<\/p>\n<p>In 2011 he decided to go freelance in order to diversify his activities. He continued designing clothes and accessories, and at the same time embraced art direction, graphic design, teaching and more\u2026<\/p>\n<p>Ceramics started in 2006 when, out of pure passion, he began taking wheel-throwing classes simply as a hobby.\u2028improving his technique and defining his style over the years, amir has since been invited to participate in exhibitions both in Paris and NYC<\/p>\n<p>Gradually, more galleries, architects and private collectors coveted his work.<\/p>\n<p>Encouraged by these positive experiences and enthusiastic feedback, Amir has now established his own ceramic studio and dedicates himself fully to his art.\u2028He is currently living in Paris and working on several new projects.[\/vc_column_text][\/vc_column][vc_column width=&#8221;1\/3&#8243;][vc_single_image image=&#8221;5434&#8243; img_size=&#8221;full&#8221; alignment=&#8221;center&#8221;][\/vc_column][\/vc_row][vc_row][vc_column][vc_column_text]<div class=\"woocommerce columns-4 \"><ul class=\"products columns-4\">\n<li class=\"product type-product post-6611 status-publish first instock product_cat-amir-smolnik-en product_cat-sculpture-en has-post-thumbnail shipping-taxable product-type-simple\">\n\t<div class=\"nv-card-content-wrapper\"><a href=\"https:\/\/chahan.com\/en\/item\/vase\/\" class=\"woocommerce-LoopProduct-link woocommerce-loop-product__link\"><div class=\"sp-product-image \"><div class=\"img-wrap\"><img loading=\"lazy\" decoding=\"async\" width=\"600\" height=\"900\" src=\"https:\/\/chahan.com\/wp-content\/uploads\/2020\/10\/20-1-600x900.jpg\" class=\"attachment-woocommerce_thumbnail size-woocommerce_thumbnail\" alt=\"Vase\" srcset=\"https:\/\/chahan.com\/wp-content\/uploads\/2020\/10\/20-1-600x900.jpg 600w, https:\/\/chahan.com\/wp-content\/uploads\/2020\/10\/20-1-200x300.jpg 200w, https:\/\/chahan.com\/wp-content\/uploads\/2020\/10\/20-1-768x1152.jpg 768w, https:\/\/chahan.com\/wp-content\/uploads\/2020\/10\/20-1.jpg 1000w\" sizes=\"auto, (max-width: 600px) 100vw, 600px\" \/><\/div><\/div><h2 class=\"woocommerce-loop-product__title\">Vase<\/h2>\n<\/a><\/div><\/li>\n<li class=\"product type-product post-6612 status-publish instock product_cat-amir-smolnik-en product_cat-sculpture-en has-post-thumbnail shipping-taxable product-type-simple\">\n\t<div class=\"nv-card-content-wrapper\"><a href=\"https:\/\/chahan.com\/en\/item\/totem-sculpture-n7\/\" class=\"woocommerce-LoopProduct-link woocommerce-loop-product__link\"><div class=\"sp-product-image \"><div class=\"img-wrap\"><img loading=\"lazy\" decoding=\"async\" width=\"600\" height=\"900\" src=\"https:\/\/chahan.com\/wp-content\/uploads\/2020\/10\/19-1-600x900.jpg\" class=\"attachment-woocommerce_thumbnail size-woocommerce_thumbnail\" alt=\"Totem sculpture N\u00b07\" srcset=\"https:\/\/chahan.com\/wp-content\/uploads\/2020\/10\/19-1-600x900.jpg 600w, https:\/\/chahan.com\/wp-content\/uploads\/2020\/10\/19-1-200x300.jpg 200w, https:\/\/chahan.com\/wp-content\/uploads\/2020\/10\/19-1-768x1152.jpg 768w, https:\/\/chahan.com\/wp-content\/uploads\/2020\/10\/19-1.jpg 1000w\" sizes=\"auto, (max-width: 600px) 100vw, 600px\" \/><\/div><\/div><h2 class=\"woocommerce-loop-product__title\">Totem sculpture N\u00b07<\/h2>\n<\/a><\/div><\/li>\n<li class=\"product type-product post-6613 status-publish instock product_cat-amir-smolnik-en product_cat-sculpture-en has-post-thumbnail shipping-taxable product-type-simple\">\n\t<div class=\"nv-card-content-wrapper\"><a href=\"https:\/\/chahan.com\/en\/item\/totem-suspension-n8\/\" class=\"woocommerce-LoopProduct-link woocommerce-loop-product__link\"><div class=\"sp-product-image \"><div class=\"img-wrap\"><img loading=\"lazy\" decoding=\"async\" width=\"600\" height=\"900\" src=\"https:\/\/chahan.com\/wp-content\/uploads\/2020\/10\/18-2-600x900.jpg\" class=\"attachment-woocommerce_thumbnail size-woocommerce_thumbnail\" alt=\"Totem suspension N\u00b08\" srcset=\"https:\/\/chahan.com\/wp-content\/uploads\/2020\/10\/18-2-600x900.jpg 600w, https:\/\/chahan.com\/wp-content\/uploads\/2020\/10\/18-2-200x300.jpg 200w, https:\/\/chahan.com\/wp-content\/uploads\/2020\/10\/18-2-768x1152.jpg 768w, https:\/\/chahan.com\/wp-content\/uploads\/2020\/10\/18-2.jpg 1000w\" sizes=\"auto, (max-width: 600px) 100vw, 600px\" \/><\/div><\/div><h2 class=\"woocommerce-loop-product__title\">Totem suspension N\u00b08<\/h2>\n<\/a><\/div><\/li>\n<li class=\"product type-product post-6615 status-publish last instock product_cat-amir-smolnik-en product_cat-sculpture-en has-post-thumbnail shipping-taxable product-type-simple\">\n\t<div class=\"nv-card-content-wrapper\"><a href=\"https:\/\/chahan.com\/en\/item\/pendulum-bronze-suspension\/\" class=\"woocommerce-LoopProduct-link woocommerce-loop-product__link\"><div class=\"sp-product-image \"><div class=\"img-wrap\"><img loading=\"lazy\" decoding=\"async\" width=\"600\" height=\"900\" src=\"https:\/\/chahan.com\/wp-content\/uploads\/2020\/10\/16-3-600x900.jpg\" class=\"attachment-woocommerce_thumbnail size-woocommerce_thumbnail\" alt=\"&quot;Pendulum&quot; bronze suspension\" srcset=\"https:\/\/chahan.com\/wp-content\/uploads\/2020\/10\/16-3-600x900.jpg 600w, https:\/\/chahan.com\/wp-content\/uploads\/2020\/10\/16-3-200x300.jpg 200w, https:\/\/chahan.com\/wp-content\/uploads\/2020\/10\/16-3-768x1152.jpg 768w, https:\/\/chahan.com\/wp-content\/uploads\/2020\/10\/16-3.jpg 1000w\" sizes=\"auto, (max-width: 600px) 100vw, 600px\" \/><\/div><\/div><h2 class=\"woocommerce-loop-product__title\">&#8220;Pendulum&#8221; bronze suspension<\/h2>\n<\/a><\/div><\/li>\n<li class=\"product type-product post-6614 status-publish first instock product_cat-amir-smolnik-en product_cat-sculpture-en has-post-thumbnail shipping-taxable product-type-simple\">\n\t<div class=\"nv-card-content-wrapper\"><a href=\"https:\/\/chahan.com\/en\/item\/set-of-5-volumes-3\/\" class=\"woocommerce-LoopProduct-link woocommerce-loop-product__link\"><div class=\"sp-product-image \"><div class=\"img-wrap\"><img loading=\"lazy\" decoding=\"async\" width=\"600\" height=\"400\" src=\"https:\/\/chahan.com\/wp-content\/uploads\/2020\/10\/17-2-600x400.jpg\" class=\"attachment-woocommerce_thumbnail size-woocommerce_thumbnail\" alt=\"Set of 5 volumes #3\" srcset=\"https:\/\/chahan.com\/wp-content\/uploads\/2020\/10\/17-2-600x400.jpg 600w, https:\/\/chahan.com\/wp-content\/uploads\/2020\/10\/17-2-300x200.jpg 300w, https:\/\/chahan.com\/wp-content\/uploads\/2020\/10\/17-2-768x512.jpg 768w, https:\/\/chahan.com\/wp-content\/uploads\/2020\/10\/17-2-930x620.jpg 930w, https:\/\/chahan.com\/wp-content\/uploads\/2020\/10\/17-2.jpg 1500w\" sizes=\"auto, (max-width: 600px) 100vw, 600px\" \/><\/div><\/div><h2 class=\"woocommerce-loop-product__title\">Set of 5 volumes #3<\/h2>\n<\/a><\/div><\/li>\n<\/ul>\n<\/div>[\/vc_column_text][\/vc_column][\/vc_row]<\/p>\n<\/div>","protected":false},"excerpt":{"rendered":"<p>[vc_row][vc_column width=&#8221;2\/3&#8243;][vc_empty_space][vc_column_text]Designer and ceramicist, Amir Smolnik was born in 1975 in Ha\u00effa, Isra\u00ebl. He moved to paris in 1997 to study at the \u00c9cole Superieure des Arts et Techniques de la Mode (ESMOD) and graduated in 2000 with a menswear design degree. Following graduation Amir worked as a ready-to-wear designer for several leading fashion houses,&hellip;&nbsp;<a href=\"https:\/\/chahan.com\/en\/amir-smolnik\/\" rel=\"bookmark\">Read More &raquo;<span class=\"screen-reader-text\">Amir Smolnik<\/span><\/a><\/p>\n","protected":false},"author":1,"featured_media":0,"parent":0,"menu_order":0,"comment_status":"closed","ping_status":"closed","template":"","meta":{"_acf_changed":false,"neve_meta_sidebar":"full-width","neve_meta_container":"contained","neve_meta_enable_content_width":"on","neve_meta_content_width":100,"neve_meta_title_alignment":"","neve_meta_author_avatar":"","neve_post_elements_order":"","neve_meta_disable_header":"","neve_meta_disable_footer":"","neve_meta_disable_title":"","neve_meta_reading_time":"","footnotes":""},"class_list":["post-4786","page","type-page","status-publish","hentry"],"acf":[],"yoast_head":"<!-- This site is optimized with the Yoast SEO plugin v27.2 - https:\/\/yoast.com\/product\/yoast-seo-wordpress\/ -->\n<title>Amir Smolnik - CHAHAN<\/title>\n<meta name=\"robots\" content=\"index, follow, max-snippet:-1, max-image-preview:large, max-video-preview:-1\" \/>\n<link rel=\"canonical\" href=\"https:\/\/chahan.com\/en\/amir-smolnik\/\" \/>\n<meta property=\"og:locale\" content=\"en_US\" \/>\n<meta property=\"og:type\" content=\"article\" \/>\n<meta property=\"og:title\" content=\"Amir Smolnik - CHAHAN\" \/>\n<meta property=\"og:description\" content=\"[vc_row][vc_column width=&#8221;2\/3&#8243;][vc_empty_space][vc_column_text]Designer and ceramicist, Amir Smolnik was born in 1975 in Ha\u00effa, Isra\u00ebl. He moved to paris in 1997 to study at the \u00c9cole Superieure des Arts et Techniques de la Mode (ESMOD) and graduated in 2000 with a menswear design degree. Following graduation Amir worked as a ready-to-wear designer for several leading fashion houses,&hellip;&nbsp;Read More &raquo;Amir Smolnik\" \/>\n<meta property=\"og:url\" content=\"https:\/\/chahan.com\/en\/amir-smolnik\/\" \/>\n<meta property=\"og:site_name\" content=\"CHAHAN\" \/>\n<meta property=\"article:modified_time\" content=\"2023-04-23T10:51:01+00:00\" \/>\n<meta name=\"twitter:card\" content=\"summary_large_image\" \/>\n<meta name=\"twitter:site\" content=\"@chahan_gallery\" \/>\n<meta name=\"twitter:label1\" content=\"Est. reading time\" \/>\n\t<meta name=\"twitter:data1\" content=\"1 minute\" \/>\n<script type=\"application\/ld+json\" class=\"yoast-schema-graph\">{\"@context\":\"https:\/\/schema.org\",\"@graph\":[{\"@type\":\"WebPage\",\"@id\":\"https:\/\/chahan.com\/en\/amir-smolnik\/\",\"url\":\"https:\/\/chahan.com\/en\/amir-smolnik\/\",\"name\":\"Amir Smolnik - CHAHAN\",\"isPartOf\":{\"@id\":\"https:\/\/chahan.com\/en\/#website\"},\"datePublished\":\"2020-09-29T09:33:35+00:00\",\"dateModified\":\"2023-04-23T10:51:01+00:00\",\"breadcrumb\":{\"@id\":\"https:\/\/chahan.com\/en\/amir-smolnik\/#breadcrumb\"},\"inLanguage\":\"en-US\",\"potentialAction\":[{\"@type\":\"ReadAction\",\"target\":[\"https:\/\/chahan.com\/en\/amir-smolnik\/\"]}]},{\"@type\":\"BreadcrumbList\",\"@id\":\"https:\/\/chahan.com\/en\/amir-smolnik\/#breadcrumb\",\"itemListElement\":[{\"@type\":\"ListItem\",\"position\":1,\"name\":\"Chahan\",\"item\":\"https:\/\/chahan.com\/en\/\"},{\"@type\":\"ListItem\",\"position\":2,\"name\":\"Amir Smolnik\"}]},{\"@type\":\"WebSite\",\"@id\":\"https:\/\/chahan.com\/en\/#website\",\"url\":\"https:\/\/chahan.com\/en\/\",\"name\":\"CHAHAN\",\"description\":\"Interior Design\",\"publisher\":{\"@id\":\"https:\/\/chahan.com\/en\/#organization\"},\"potentialAction\":[{\"@type\":\"SearchAction\",\"target\":{\"@type\":\"EntryPoint\",\"urlTemplate\":\"https:\/\/chahan.com\/en\/?s={search_term_string}\"},\"query-input\":{\"@type\":\"PropertyValueSpecification\",\"valueRequired\":true,\"valueName\":\"search_term_string\"}}],\"inLanguage\":\"en-US\"},{\"@type\":\"Organization\",\"@id\":\"https:\/\/chahan.com\/en\/#organization\",\"name\":\"CHAHAN Interior Design\",\"url\":\"https:\/\/chahan.com\/en\/\",\"logo\":{\"@type\":\"ImageObject\",\"inLanguage\":\"en-US\",\"@id\":\"https:\/\/chahan.com\/en\/#\/schema\/logo\/image\/\",\"url\":\"https:\/\/chahan.com\/wp-content\/uploads\/2020\/11\/logo-chahan-vertical4x-1.png\",\"contentUrl\":\"https:\/\/chahan.com\/wp-content\/uploads\/2020\/11\/logo-chahan-vertical4x-1.png\",\"width\":600,\"height\":170,\"caption\":\"CHAHAN Interior Design\"},\"image\":{\"@id\":\"https:\/\/chahan.com\/en\/#\/schema\/logo\/image\/\"},\"sameAs\":[\"https:\/\/x.com\/chahan_gallery\",\"https:\/\/www.instagram.com\/chahangallery\/?hl=fr\"]}]}<\/script>\n<!-- \/ Yoast SEO plugin. -->","yoast_head_json":{"title":"Amir Smolnik - CHAHAN","robots":{"index":"index","follow":"follow","max-snippet":"max-snippet:-1","max-image-preview":"max-image-preview:large","max-video-preview":"max-video-preview:-1"},"canonical":"https:\/\/chahan.com\/en\/amir-smolnik\/","og_locale":"en_US","og_type":"article","og_title":"Amir Smolnik - CHAHAN","og_description":"[vc_row][vc_column width=&#8221;2\/3&#8243;][vc_empty_space][vc_column_text]Designer and ceramicist, Amir Smolnik was born in 1975 in Ha\u00effa, Isra\u00ebl. He moved to paris in 1997 to study at the \u00c9cole Superieure des Arts et Techniques de la Mode (ESMOD) and graduated in 2000 with a menswear design degree. Following graduation Amir worked as a ready-to-wear designer for several leading fashion houses,&hellip;&nbsp;Read More &raquo;Amir Smolnik","og_url":"https:\/\/chahan.com\/en\/amir-smolnik\/","og_site_name":"CHAHAN","article_modified_time":"2023-04-23T10:51:01+00:00","twitter_card":"summary_large_image","twitter_site":"@chahan_gallery","twitter_misc":{"Est. reading time":"1 minute"},"schema":{"@context":"https:\/\/schema.org","@graph":[{"@type":"WebPage","@id":"https:\/\/chahan.com\/en\/amir-smolnik\/","url":"https:\/\/chahan.com\/en\/amir-smolnik\/","name":"Amir Smolnik - CHAHAN","isPartOf":{"@id":"https:\/\/chahan.com\/en\/#website"},"datePublished":"2020-09-29T09:33:35+00:00","dateModified":"2023-04-23T10:51:01+00:00","breadcrumb":{"@id":"https:\/\/chahan.com\/en\/amir-smolnik\/#breadcrumb"},"inLanguage":"en-US","potentialAction":[{"@type":"ReadAction","target":["https:\/\/chahan.com\/en\/amir-smolnik\/"]}]},{"@type":"BreadcrumbList","@id":"https:\/\/chahan.com\/en\/amir-smolnik\/#breadcrumb","itemListElement":[{"@type":"ListItem","position":1,"name":"Chahan","item":"https:\/\/chahan.com\/en\/"},{"@type":"ListItem","position":2,"name":"Amir Smolnik"}]},{"@type":"WebSite","@id":"https:\/\/chahan.com\/en\/#website","url":"https:\/\/chahan.com\/en\/","name":"CHAHAN","description":"Interior Design","publisher":{"@id":"https:\/\/chahan.com\/en\/#organization"},"potentialAction":[{"@type":"SearchAction","target":{"@type":"EntryPoint","urlTemplate":"https:\/\/chahan.com\/en\/?s={search_term_string}"},"query-input":{"@type":"PropertyValueSpecification","valueRequired":true,"valueName":"search_term_string"}}],"inLanguage":"en-US"},{"@type":"Organization","@id":"https:\/\/chahan.com\/en\/#organization","name":"CHAHAN Interior Design","url":"https:\/\/chahan.com\/en\/","logo":{"@type":"ImageObject","inLanguage":"en-US","@id":"https:\/\/chahan.com\/en\/#\/schema\/logo\/image\/","url":"https:\/\/chahan.com\/wp-content\/uploads\/2020\/11\/logo-chahan-vertical4x-1.png","contentUrl":"https:\/\/chahan.com\/wp-content\/uploads\/2020\/11\/logo-chahan-vertical4x-1.png","width":600,"height":170,"caption":"CHAHAN Interior Design"},"image":{"@id":"https:\/\/chahan.com\/en\/#\/schema\/logo\/image\/"},"sameAs":["https:\/\/x.com\/chahan_gallery","https:\/\/www.instagram.com\/chahangallery\/?hl=fr"]}]}},"_links":{"self":[{"href":"https:\/\/chahan.com\/en\/wp-json\/wp\/v2\/pages\/4786","targetHints":{"allow":["GET"]}}],"collection":[{"href":"https:\/\/chahan.com\/en\/wp-json\/wp\/v2\/pages"}],"about":[{"href":"https:\/\/chahan.com\/en\/wp-json\/wp\/v2\/types\/page"}],"author":[{"embeddable":true,"href":"https:\/\/chahan.com\/en\/wp-json\/wp\/v2\/users\/1"}],"replies":[{"embeddable":true,"href":"https:\/\/chahan.com\/en\/wp-json\/wp\/v2\/comments?post=4786"}],"version-history":[{"count":9,"href":"https:\/\/chahan.com\/en\/wp-json\/wp\/v2\/pages\/4786\/revisions"}],"predecessor-version":[{"id":10160,"href":"https:\/\/chahan.com\/en\/wp-json\/wp\/v2\/pages\/4786\/revisions\/10160"}],"wp:attachment":[{"href":"https:\/\/chahan.com\/en\/wp-json\/wp\/v2\/media?parent=4786"}],"curies":[{"name":"wp","href":"https:\/\/api.w.org\/{rel}","templated":true}]}}